{"id":239,"date":"2022-05-03T10:31:01","date_gmt":"2022-05-03T10:31:01","guid":{"rendered":"https:\/\/halsingebordet.se\/home\/"},"modified":"2022-06-22T16:37:01","modified_gmt":"2022-06-22T16:37:01","slug":"home","status":"publish","type":"page","link":"https:\/\/halsingebordet.se\/sv\/","title":{"rendered":"Home"},"content":{"rendered":"\n<div class=\"wp-block-cover is-light\" style=\"min-height:700px;aspect-ratio:unset;\"><span aria-hidden=\"true\" class=\"wp-block-cover__background has-background-dim-40 has-background-dim\"><\/span><img loading=\"lazy\" decoding=\"async\" width=\"1920\" height=\"2560\" class=\"wp-block-cover__image-background wp-image-84\" alt=\"\" src=\"https:\/\/halsingebordet.se\/wp-content\/uploads\/2022\/04\/image00002-scaled.jpeg\" style=\"object-position:79% 80%\" data-object-fit=\"cover\" data-object-position=\"79% 80%\" srcset=\"https:\/\/halsingebordet.se\/wp-content\/uploads\/2022\/04\/image00002-scaled.jpeg 1920w, https:\/\/halsingebordet.se\/wp-content\/uploads\/2022\/04\/image00002-225x300.jpeg 225w, https:\/\/halsingebordet.se\/wp-content\/uploads\/2022\/04\/image00002-768x1024.jpeg 768w, https:\/\/halsingebordet.se\/wp-content\/uploads\/2022\/04\/image00002-1152x1536.jpeg 1152w, https:\/\/halsingebordet.se\/wp-content\/uploads\/2022\/04\/image00002-1536x2048.jpeg 1536w\" sizes=\"auto, (max-width: 1920px) 100vw, 1920px\" \/><div class=\"wp-block-cover__inner-container is-layout-flow wp-block-cover-is-layout-flow\">\n<p class=\"has-text-align-center has-white-color has-text-color has-large-font-size\">V\u00e4lkommen till en upplevelse<br\/>du sent ska gl\u00f6mma<\/p>\n<\/div><\/div>\n\n<div style=\"height:40px\" aria-hidden=\"true\" class=\"wp-block-spacer\"><\/div>\n\n<div class=\"wp-block-columns is-layout-flex wp-container-core-columns-is-layout-9d6595d7 wp-block-columns-is-layout-flex\">\n<div class=\"wp-block-column is-layout-flow wp-block-column-is-layout-flow\">\n<figure class=\"wp-block-image size-large\"><img loading=\"lazy\" decoding=\"async\" width=\"768\" height=\"1024\" src=\"https:\/\/halsingebordet.se\/wp-content\/uploads\/2022\/04\/image00004-768x1024.jpeg\" alt=\"\" class=\"wp-image-53\" srcset=\"https:\/\/halsingebordet.se\/wp-content\/uploads\/2022\/04\/image00004-768x1024.jpeg 768w, https:\/\/halsingebordet.se\/wp-content\/uploads\/2022\/04\/image00004-225x300.jpeg 225w, https:\/\/halsingebordet.se\/wp-content\/uploads\/2022\/04\/image00004-1152x1536.jpeg 1152w, https:\/\/halsingebordet.se\/wp-content\/uploads\/2022\/04\/image00004-1536x2048.jpeg 1536w, https:\/\/halsingebordet.se\/wp-content\/uploads\/2022\/04\/image00004-scaled.jpeg 1920w\" sizes=\"auto, (max-width: 768px) 100vw, 768px\" \/><\/figure>\n<\/div>\n\n\n\n<div class=\"wp-block-column is-layout-flow wp-block-column-is-layout-flow\">\n<h1 class=\"has-large-font-size wp-block-heading\">Det smakrika landet<\/h1>\n\n\n\n<p>I hj\u00e4rtat av H\u00e4lsingland har du m\u00f6jlighet att ta del av v\u00e5ra kulinariska traditioner med mat och dryck som tillagas av naturens g\u00e5vor. M\u00f6t v\u00e5r guide i Orbaden, plocka dina r\u00e5varor och f\u00f6lj med till v\u00e5rt middagsbord med \u00f6ppen eld vid de legendariska klipporna i stupet p\u00e5 \u00c5sberget d\u00e4r v\u00e5r kock kommer att l\u00e4ra dig hur man lagar en full\u00e4ndad middag smaksatt med lokalt odlade kryddor och gr\u00f6nt. Kanske stannar du ocks\u00e5 \u00f6ver natt i n\u00e5got av v\u00e5ra bekv\u00e4ma lofthus h\u00f6gt ovan tr\u00e4dtopparna p\u00e5 berget d\u00e4r du kan l\u00e4mna tingens v\u00e4rld, dra ner p\u00e5 tempot och fyllas av nya krafter<\/p>\n\n\n\n<h2 class=\"wp-block-heading\">Plocka, l\u00e4r, tillred och avnjut<\/h2>\n\n\n\n<p>Var med och avsmaka H\u00e4lsingland! Plocka dina middagsr\u00e5varor i en odling av ekologiska gr\u00f6nsaker och delta i v\u00e5r gemensamma matlagning vid elden under bar himmel p\u00e5 ett berg mitt i H\u00e4lsingland. <a href=\"https:\/\/halsingebordet.se\/gather-learn-cook-and-enjoy\/\" data-type=\"page\" data-id=\"195\">L\u00e4s mer!<\/a><\/p>\n\n\n\n<h2 class=\"wp-block-heading\">Outdoor Gourmet<\/h2>\n\n\n\n<p>\u00c4r du nyfiken p\u00e5 vad v\u00e5rt landskap kan erbjuda en finsmakare? Tr\u00e4ffa v\u00e5r kock fr\u00e5n V\u00e4rldsarvet G\u00e4stgivars och l\u00e5t honom visa hur man skapar en riktigt l\u00e4cker m\u00e5ltid i sp\u00e5ren av \u00e4kta svensk matkultur. <a href=\"https:\/\/halsingebordet.se\/sv\/outdoor-gourmet\/\" data-type=\"page\" data-id=\"199\">L\u00e4s mer!<\/a><\/p>\n\n\n\n<h2 class=\"wp-block-heading\">A Night and Day of Nature\u00b4s Luxury<\/h2>\n\n\n\n<p>H\u00e4mta kraft i stillheten p\u00e5 berget. Tillbringa en kv\u00e4ll, en natt och en dag hos oss och upplev naturens egna hemligheter p\u00e5 \u00c5sberget vid Ljusnans dalg\u00e5ng. <a href=\"https:\/\/halsingebordet.se\/sv\/a-night-and-day-of-natures-luxury\/\" data-type=\"page\" data-id=\"202\">L\u00e4s mer!<\/a><\/p>\n\n\n\n<p><br\/><\/p>\n<\/div>\n<\/div>\n\n<div style=\"height:20px\" aria-hidden=\"true\" class=\"wp-block-spacer\"><\/div>\n\n<div class=\"wp-block-columns is-layout-flex wp-container-core-columns-is-layout-9d6595d7 wp-block-columns-is-layout-flex\">\n<div class=\"wp-block-column is-layout-flow wp-block-column-is-layout-flow\">\n<figure class=\"wp-block-pullquote\"><blockquote><p>Fantastic food in a great scenery!<\/p><cite>&#8211; Visitor<\/cite><\/blockquote><\/figure>\n<\/div>\n<\/div>\n\n<div style=\"height:32px\" aria-hidden=\"true\" class=\"wp-block-spacer\"><\/div>\n\n<div class=\"wp-block-columns is-layout-flex wp-container-core-columns-is-layout-9d6595d7 wp-block-columns-is-layout-flex\">\n<div class=\"wp-block-column is-layout-flow wp-block-column-is-layout-flow\">\n<figure class=\"wp-block-image size-large\"><img loading=\"lazy\" decoding=\"async\" width=\"634\" height=\"1024\" src=\"https:\/\/halsingebordet.se\/wp-content\/uploads\/2022\/06\/IMG_1871-002-634x1024.jpg\" alt=\"\" class=\"wp-image-263\" srcset=\"https:\/\/halsingebordet.se\/wp-content\/uploads\/2022\/06\/IMG_1871-002-634x1024.jpg 634w, https:\/\/halsingebordet.se\/wp-content\/uploads\/2022\/06\/IMG_1871-002-186x300.jpg 186w, https:\/\/halsingebordet.se\/wp-content\/uploads\/2022\/06\/IMG_1871-002-768x1241.jpg 768w, https:\/\/halsingebordet.se\/wp-content\/uploads\/2022\/06\/IMG_1871-002-950x1536.jpg 950w, https:\/\/halsingebordet.se\/wp-content\/uploads\/2022\/06\/IMG_1871-002-1267x2048.jpg 1267w, https:\/\/halsingebordet.se\/wp-content\/uploads\/2022\/06\/IMG_1871-002-scaled.jpg 1584w\" sizes=\"auto, (max-width: 634px) 100vw, 634px\" \/><\/figure>\n<\/div>\n\n\n\n<div class=\"wp-block-column is-layout-flow wp-block-column-is-layout-flow\">\n<div class=\"wp-block-contact-form-7-contact-form-selector\">\n<div class=\"wpcf7 no-js\" id=\"wpcf7-f253-o1\" lang=\"sv-SE\" dir=\"ltr\">\n<div class=\"screen-reader-response\"><p role=\"status\" aria-live=\"polite\" aria-atomic=\"true\"><\/p> <ul><\/ul><\/div>\n<form action=\"\/sv\/wp-json\/wp\/v2\/pages\/239#wpcf7-f253-o1\" method=\"post\" class=\"wpcf7-form init\" aria-label=\"Kontaktformul\u00e4r\" novalidate=\"novalidate\" data-status=\"init\">\n<div style=\"display: none;\">\n<input type=\"hidden\" name=\"_wpcf7\" value=\"253\" \/>\n<input type=\"hidden\" name=\"_wpcf7_version\" value=\"5.7.3\" \/>\n<input type=\"hidden\" name=\"_wpcf7_locale\" value=\"sv_SE\" \/>\n<input type=\"hidden\" name=\"_wpcf7_unit_tag\" value=\"wpcf7-f253-o1\" \/>\n<input type=\"hidden\" name=\"_wpcf7_container_post\" value=\"0\" \/>\n<input type=\"hidden\" name=\"_wpcf7_posted_data_hash\" value=\"\" \/>\n<\/div>\n<p>Skicka oss ett meddelande, ber\u00e4tta om dina \u00f6nskem\u00e5l, och l\u00e5t oss skr\u00e4ddarsy er upplevelse!\n<\/p>\n<p><label> Namn<br \/>\n<span class=\"wpcf7-form-control-wrap\" data-name=\"your-name\"><input size=\"40\" class=\"wpcf7-form-control wpcf7-text wpcf7-validates-as-required\" aria-required=\"true\" aria-invalid=\"false\" value=\"\" type=\"text\" name=\"your-name\" \/><\/span> <\/label>\n<\/p>\n<p><label> Email<br \/>\n<span class=\"wpcf7-form-control-wrap\" data-name=\"your-email\"><input size=\"40\" class=\"wpcf7-form-control wpcf7-text wpcf7-email wpcf7-validates-as-required wpcf7-validates-as-email\" aria-required=\"true\" aria-invalid=\"false\" value=\"\" type=\"email\" name=\"your-email\" \/><\/span> <\/label>\n<\/p>\n<p><label> Meddelande<br \/>\n<span class=\"wpcf7-form-control-wrap\" data-name=\"your-message\"><textarea cols=\"40\" rows=\"10\" class=\"wpcf7-form-control wpcf7-textarea wpcf7-validates-as-required\" aria-required=\"true\" aria-invalid=\"false\" name=\"your-message\"><\/textarea><\/span> <\/label>\n<\/p>\n<p><input class=\"wpcf7-form-control has-spinner wpcf7-submit\" type=\"submit\" value=\"Send\" \/>\n<\/p><div class=\"wpcf7-response-output\" aria-hidden=\"true\"><\/div>\n<\/form>\n<\/div>\n<\/div>\n<\/div>\n<\/div>\n\n<div style=\"height:100px\" aria-hidden=\"true\" class=\"wp-block-spacer\"><\/div>\n\n<div class=\"wp-block-columns is-layout-flex wp-container-core-columns-is-layout-9d6595d7 wp-block-columns-is-layout-flex\">\n<div class=\"wp-block-column is-layout-flow wp-block-column-is-layout-flow\"><\/div>\n<\/div>\n","protected":false},"excerpt":{"rendered":"<p>Det smakrika landet I hj\u00e4rtat av H\u00e4lsingland har du m\u00f6jlighet att ta del av v\u00e5ra kulinariska traditioner med mat och dryck som tillagas av naturens g\u00e5vor. M\u00f6t v\u00e5r guide i Orbaden, plocka dina r\u00e5varor och f\u00f6lj med till v\u00e5rt middagsbord med \u00f6ppen eld vid de legendariska klipporna i stupet p\u00e5 \u00c5sberget d\u00e4r v\u00e5r kock kommer [&hellip;]<\/p>\n","protected":false},"author":1,"featured_media":0,"parent":0,"menu_order":0,"comment_status":"closed","ping_status":"closed","template":"","meta":{"footnotes":""},"class_list":["post-239","page","type-page","status-publish","hentry","entry"],"_links":{"self":[{"href":"https:\/\/halsingebordet.se\/sv\/wp-json\/wp\/v2\/pages\/239","targetHints":{"allow":["GET"]}}],"collection":[{"href":"https:\/\/halsingebordet.se\/sv\/wp-json\/wp\/v2\/pages"}],"about":[{"href":"https:\/\/halsingebordet.se\/sv\/wp-json\/wp\/v2\/types\/page"}],"author":[{"embeddable":true,"href":"https:\/\/halsingebordet.se\/sv\/wp-json\/wp\/v2\/users\/1"}],"replies":[{"embeddable":true,"href":"https:\/\/halsingebordet.se\/sv\/wp-json\/wp\/v2\/comments?post=239"}],"version-history":[{"count":6,"href":"https:\/\/halsingebordet.se\/sv\/wp-json\/wp\/v2\/pages\/239\/revisions"}],"predecessor-version":[{"id":270,"href":"https:\/\/halsingebordet.se\/sv\/wp-json\/wp\/v2\/pages\/239\/revisions\/270"}],"wp:attachment":[{"href":"https:\/\/halsingebordet.se\/sv\/wp-json\/wp\/v2\/media?parent=239"}],"curies":[{"name":"wp","href":"https:\/\/api.w.org\/{rel}","templated":true}]}}